{"id":832,"date":"2021-01-14T18:56:58","date_gmt":"2021-01-14T17:56:58","guid":{"rendered":"https:\/\/www.toprentnals.it\/cgc\/"},"modified":"2023-09-11T09:47:04","modified_gmt":"2023-09-11T08:47:04","slug":"cgc","status":"publish","type":"page","link":"https:\/\/www.toprentnals.it\/it\/cgc\/","title":{"rendered":"CGC"},"content":{"rendered":"<p>[et_pb_section fb_built=&#8221;1&#8243; custom_padding_last_edited=&#8221;on|tablet&#8221; admin_label=&#8221;Hero&#8221; _builder_version=&#8221;4.16&#8243; use_background_color_gradient=&#8221;on&#8221; background_color_gradient_stops=&#8221;rgba(27,31,37,0) 0%|#1b1f25 100%&#8221; background_color_gradient_overlays_image=&#8221;on&#8221; background_color_gradient_start=&#8221;rgba(27,31,37,0)&#8221; background_color_gradient_end=&#8221;#1b1f25&#8243; background_image=&#8221;https:\/\/www.toprentnals.it\/wp-content\/uploads\/2021\/01\/California-Coast.jpeg&#8221; background_position=&#8221;bottom_center&#8221; custom_margin=&#8221;0px|||&#8221; custom_padding=&#8221;0px|10%|0px|10%|true|true&#8221; custom_padding_tablet=&#8221;|30px||30px||true&#8221; custom_padding_phone=&#8221;|||||true&#8221; background_last_edited=&#8221;on|phone&#8221; background_size_phone=&#8221;initial&#8221; locked=&#8221;off&#8221; global_colors_info=&#8221;{}&#8221;][et_pb_row column_structure=&#8221;2_3,1_3&#8243; padding_top_bottom_link_1=&#8221;true&#8221; padding_left_right_link_1=&#8221;true&#8221; _builder_version=&#8221;4.16&#8243; background_size=&#8221;initial&#8221; background_position=&#8221;top_left&#8221; width=&#8221;100%&#8221; max_width=&#8221;100%&#8221; custom_margin=&#8221;|||&#8221; custom_padding=&#8221;0||0px||false|false&#8221; use_custom_width=&#8221;on&#8221; width_unit=&#8221;off&#8221; custom_width_percent=&#8221;100%&#8221; global_colors_info=&#8221;{}&#8221;][et_pb_column type=&#8221;2_3&#8243; _builder_version=&#8221;4.16&#8243; use_background_color_gradient=&#8221;on&#8221; background_color_gradient_stops=&#8221;rgba(0,0,0,0.12) 0%|rgba(255,255,255,0) 100%&#8221; background_color_gradient_start=&#8221;rgba(0,0,0,0.12)&#8221; background_color_gradient_end=&#8221;rgba(255,255,255,0)&#8221; custom_padding=&#8221;12vw|40px|12vw|40px&#8221; custom_padding_tablet=&#8221;|||&#8221; custom_padding_phone=&#8221;|10px||10px||true&#8221; custom_padding_last_edited=&#8221;on|desktop&#8221; global_colors_info=&#8221;{}&#8221; padding_phone=&#8221;|10px||10px||true&#8221; padding_tablet=&#8221;|||&#8221; padding_last_edited=&#8221;on|desktop&#8221; custom_padding__hover=&#8221;|||&#8221;][et_pb_text _builder_version=&#8221;4.16&#8243; text_font=&#8221;Lato||||||||&#8221; text_font_size=&#8221;20px&#8221; text_line_height=&#8221;1.8em&#8221; header_font=&#8221;Teko|500||on|||||&#8221; header_font_size=&#8221;9vw&#8221; header_letter_spacing=&#8221;0.05em&#8221; header_line_height=&#8221;0.9em&#8221; background_layout=&#8221;dark&#8221; custom_margin=&#8221;|-10vw|0px|&#8221; custom_margin_tablet=&#8221;30px|0vw|||false|false&#8221; custom_margin_phone=&#8221;60px|-5vw|||false|false&#8221; custom_margin_last_edited=&#8221;on|desktop&#8221; animation_style=&#8221;zoom&#8221; animation_delay=&#8221;100ms&#8221; animation_intensity_zoom=&#8221;10%&#8221; header_font_size_tablet=&#8221;&#8221; header_font_size_phone=&#8221;&#8221; header_font_size_last_edited=&#8221;on|desktop&#8221; header_line_height_tablet=&#8221;&#8221; header_line_height_phone=&#8221;1.2em&#8221; header_line_height_last_edited=&#8221;on|phone&#8221; header_text_shadow_style=&#8221;preset1&#8243; header_text_shadow_vertical_length=&#8221;0.18em&#8221; header_text_shadow_blur_strength=&#8221;0.27em&#8221; header_text_shadow_color=&#8221;rgba(0,0,0,0.38)&#8221; global_colors_info=&#8221;{}&#8221;]<\/p>\n<h1>CGC<\/h1>\n<p>[\/et_pb_text][et_pb_text _builder_version=&#8221;4.16&#8243; text_font=&#8221;Lato||||||||&#8221; text_font_size=&#8221;20px&#8221; text_line_height=&#8221;1.8em&#8221; header_font=&#8221;||||||||&#8221; background_layout=&#8221;dark&#8221; custom_margin=&#8221;|-10vw||10vw&#8221; custom_margin_tablet=&#8221;|0vw||0px&#8221; custom_margin_phone=&#8221;&#8221; custom_margin_last_edited=&#8221;on|desktop&#8221; animation_style=&#8221;slide&#8221; animation_direction=&#8221;left&#8221; animation_intensity_slide=&#8221;10%&#8221; locked=&#8221;off&#8221; global_colors_info=&#8221;{}&#8221;]<\/p>\n<p>Hier finden Sie unsere Allgemeinen Gesch\u00e4ftsbedingungen.<\/p>\n<p>&nbsp;<\/p>\n<p>&nbsp;<\/p>\n<p>&nbsp;<\/p>\n<p>&nbsp;<\/p>\n<p>[\/et_pb_text][\/et_pb_column][et_pb_column type=&#8221;1_3&#8243; _builder_version=&#8221;4.16&#8243; custom_padding=&#8221;|||&#8221; global_colors_info=&#8221;{}&#8221; custom_padding__hover=&#8221;|||&#8221;][\/et_pb_column][\/et_pb_row][\/et_pb_section][et_pb_section fb_built=&#8221;1&#8243; admin_label=&#8221;About Us&#8221; _builder_version=&#8221;4.16&#8243; custom_padding=&#8221;120px|0px||0px|false|false&#8221; global_colors_info=&#8221;{}&#8221;][et_pb_row _builder_version=&#8221;4.16&#8243; max_width=&#8221;960px&#8221; module_alignment=&#8221;center&#8221; use_custom_width=&#8221;on&#8221; custom_width_px=&#8221;960px&#8221; locked=&#8221;off&#8221; global_colors_info=&#8221;{}&#8221;][et_pb_column type=&#8221;4_4&#8243; _builder_version=&#8221;4.16&#8243; custom_padding=&#8221;|||&#8221; global_colors_info=&#8221;{}&#8221; custom_padding__hover=&#8221;|||&#8221;][et_pb_text admin_label=&#8221;Title&#8221; _builder_version=&#8221;4.22.1&#8243; text_font=&#8221;Lato||||||||&#8221; text_font_size=&#8221;20px&#8221; text_line_height=&#8221;1.8em&#8221; header_font=&#8221;||||||||&#8221; header_2_font=&#8221;Teko||||||||&#8221; header_2_font_size=&#8221;85px&#8221; text_orientation=&#8221;center&#8221; max_width=&#8221;750px&#8221; max_width_tablet=&#8221;&#8221; max_width_phone=&#8221;&#8221; max_width_last_edited=&#8221;on|desktop&#8221; module_alignment=&#8221;center&#8221; custom_margin=&#8221;|||&#8221; hover_enabled=&#8221;0&#8243; header_2_font_size_tablet=&#8221;65px&#8221; header_2_font_size_phone=&#8221;36px&#8221; header_2_font_size_last_edited=&#8221;on|phone&#8221; global_colors_info=&#8221;{}&#8221; sticky_enabled=&#8221;0&#8243;]<\/p>\n<div class=\"page\" title=\"Page 1\">\n<div class=\"layoutArea\">\n<div class=\"column\">\n<h2 style=\"text-align: center;\">ALLGEMEINE GESCHA\u0308FTSBEDINGUNGEN<\/h2>\n<\/div>\n<\/div>\n<\/div>\n<p style=\"text-align: justify;\">Gegenstand des Vertrages ist ausschlie\u00dflich die mietweise \u00dcberlassung eines Fahrzeuges. Zwischen dem Vermieter (TopRent Nals) und dem Mieter kommt ein Mietvertrag zustande.<br \/><strong>Mietdauer:<\/strong><br \/>Die Dauer der Miete beginnt und endet wie auf der RESERVIERUNG angegeben. Wird eine evtl. Verl\u00e4ngerung nicht mindestens 8 Arbeitstage vorher telefonisch mitgeteilt, verdoppelt sich der jeweilige Tarif f\u00fcr die verl\u00e4ngerten Tage.<br \/><strong>Miettarife:<\/strong><br \/>Die angef\u00fchrten Tarife (inkl. 22% MwSt.) sind verbindlich und werden bei Unterschrift der RESERVIERUNG als akzeptiert betrachtet. Wenn der Kunde das Fahrzeug am Abend des selben Tages abholen kommt, zahlt f\u00fcr den selben Tag nur die Abholung. Der Kunde hat 150km am Tag im vereinbarten Preis inkludiert, alle weiteren km werden mit 0,18\u20ac\/km berechnet.<br \/>\u00dcbernahme und R\u00fcckgabebedingungen:<br \/>Das Fahrzeug ist zum vereinbarten Termin in den Gesch\u00e4ftsr\u00e4umen des Vermieters zu \u00fcbernehmen. Der Mieter ist verpflichtet, das Fahrzeug bei Ablauf der Mietzeit in den Gesch\u00e4ftsr\u00e4umen des Vermieters w\u00e4hrend der im Vertrag vereinbarten Zeiten zur\u00fcckzugeben. Es wird eine Fixgeb\u00fchr f\u00fcr die Grundreinigung und Versicherung des Fahrzeuges in Rechnung gestellt. Der Mieter erh\u00e4lt das Fahrzeug im sauberen Zustand. Ebenso muss dieser das Mietfahrzeug wieder zur\u00fcckgeben. Bei ungereinigtem Fahrzeug wird ein Unkostenbeitrag von zus\u00e4tzlichen 50\u20ac bis 250\u20ac in Rechnung gestellt oder von der Kaution einbehalten.<br \/><strong>Zahlungsbedingungen:<\/strong><br \/>Bei Reservierung des Mietfahrzeugs wird vom Kunde eine Bank\u00fcberweisung von 50% des Gesamtbetrages als Anzahlung erfordert. Sp\u00e4testens bei der Abholung des Mietfahrzeuges muss der Kunde die Kaution vor Ort mit Bankomat\/Kreditkarte hinterlassen. Bei Mietende wird dem Kunden die Rechnung, die er bei Sicht mittels Bank\u00fcberweisung zahlen muss, zugeschickt. Sollte die Miete storniert werden, wird die Anzahlung von 50% als Entsch\u00e4digung einbehalten.<br \/>F\u00fchrerschein und Mindestalter:<br \/>Zum Lenken der Mietfahrzeuge ist ein F\u00fchrerschein der Kategorie \u201cB\u201c erforderlich. Falls der Kunde ein VW T6 California oder ein VW T6 Shuttle mietet muss der Lenker mindestens 21 Jahre alt sein und seit 3 Jahren den F\u00fchrerschein der Kategorie \u201cB\u201d besitzen.<br \/><strong>Verkehrsunf\u00e4lle:<\/strong><br \/>Dem Fahrzeuglenker werden infolge von Verkehrsunf\u00e4llen\/Sch\u00e4den am Fahrzeug eine Kostenbeteiligung von 2.000 \u20ac angerechnet, bei Sch\u00e4den an Kleingl\u00e4sern, Fenster- und Frontscheibe eine Kostenbeteiligung von maximal 250,00 \u20ac. Au\u00dferdem ist jeder Unfall innerhalb von 24 Stunden zu melden. Sollte der Unfall nicht gemeldet werden gehen die gesamten Kosten des verursachten Schadens zu Lasten des Mieters. Der Unfallbericht muss korrekt ausgef\u00fcllt werden und die Daten der Gegenpartei (Name + Versicherung usw.) klar und deutlich angegeben werden. Bei fehlenden Angaben gehen alle Kosten f\u00fcr die anfallenden Reparaturen zu Lasten des Mieters.<br \/><strong>Strafen:<\/strong><br \/>Strafen und Verletzungen des Stra\u00dfengesetzes gehen voll zu Lasten des Mieters. F\u00fcr die Bearbeitung eingehender Strafen werden Bearbeitungsspesen in h\u00f6he von 15\u20ac verlangt. Strafgeb\u00fchren ab 260\u20ac werden in Rechnung gestellt, sollte das gemietete Fahrzeug im freien Gel\u00e4nde genutzt werden. Au\u00dferdem gehen alle Sch\u00e4den die dabei entstehen, voll zu Lasten des Mieters.<br \/>In den Mietfahrzeugen gilt ein strenges Rauchverbot! Bei Nichteinhalten dieses Verbotes werden 300,00\u20ac Strafgeb\u00fchren in Rechnung gestellt oder von der Kaution einbehalten!<br \/>Der Mieter hat das Fahrzeug sorgsam zu behandeln und alle f\u00fcr die Benutzung ma\u00dfgeblichen Vorschriften und technischen Regeln zu beachten sowie das Fahrzeug ordnungsgem\u00e4\u00df zu verschlie\u00dfen. Insbesondere verpflichtet sich der Mieter, die bestehenden Verkehrsvorschriften in den jeweiligen L\u00e4ndern zu beachten.<br \/>Das Reiseziel und die zu bereisenden L\u00e4nder sind vor Abfahrt dem Vermieter schriftlich mitzuteilen.<br \/>Mit der Unterschrift des Dokumentes erkl\u00e4rt sich der Mieter mit den geltenden Bedingungen einverstanden und verpflichtet sich bei Nichteinhaltung der oben Angef\u00fchrten Regeln die dementsprechenden Geb\u00fchren unwiederruflich zu bezahlen!<\/p>\n<p>[\/et_pb_text][et_pb_button button_url=&#8221;@ET-DC@eyJkeW5hbWljIjp0cnVlLCJjb250ZW50IjoicG9zdF9saW5rX3VybF9hdHRhY2htZW50Iiwic2V0dGluZ3MiOnsicG9zdF9pZCI6IjM5NiJ9fQ==@&#8221; url_new_window=&#8221;on&#8221; button_text=&#8221;SCARICARE I TERMINI E LE CONDIZIONI&#8221; button_alignment=&#8221;center&#8221; _builder_version=&#8221;4.16&#8243; _dynamic_attributes=&#8221;button_url&#8221; _module_preset=&#8221;default&#8221; custom_button=&#8221;on&#8221; global_colors_info=&#8221;{}&#8221;][\/et_pb_button][\/et_pb_column][\/et_pb_row][\/et_pb_section]<\/p>\n","protected":false},"excerpt":{"rendered":"<p>CGCHier finden Sie unsere Allgemeinen Gesch\u00e4ftsbedingungen. &nbsp; &nbsp; &nbsp; &nbsp; ALLGEMEINE GESCHA\u0308FTSBEDINGUNGEN Gegenstand des Vertrages ist ausschlie\u00dflich die mietweise \u00dcberlassung eines Fahrzeuges. Zwischen dem Vermieter (TopRent Nals) und dem Mieter kommt ein Mietvertrag zustande.Mietdauer:Die Dauer der Miete beginnt und endet wie auf der RESERVIERUNG angegeben. Wird eine evtl. Verl\u00e4ngerung nicht mindestens 8 Arbeitstage vorher telefonisch [&hellip;]<\/p>\n","protected":false},"author":1,"featured_media":0,"parent":0,"menu_order":0,"comment_status":"closed","ping_status":"closed","template":"","meta":{"_et_pb_use_builder":"on","_et_pb_old_content":"","_et_gb_content_width":"","footnotes":""},"class_list":["post-832","page","type-page","status-publish","hentry"],"aioseo_notices":[],"jetpack_sharing_enabled":true,"_links":{"self":[{"href":"https:\/\/www.toprentnals.it\/it\/wp-json\/wp\/v2\/pages\/832","targetHints":{"allow":["GET"]}}],"collection":[{"href":"https:\/\/www.toprentnals.it\/it\/wp-json\/wp\/v2\/pages"}],"about":[{"href":"https:\/\/www.toprentnals.it\/it\/wp-json\/wp\/v2\/types\/page"}],"author":[{"embeddable":true,"href":"https:\/\/www.toprentnals.it\/it\/wp-json\/wp\/v2\/users\/1"}],"replies":[{"embeddable":true,"href":"https:\/\/www.toprentnals.it\/it\/wp-json\/wp\/v2\/comments?post=832"}],"version-history":[{"count":3,"href":"https:\/\/www.toprentnals.it\/it\/wp-json\/wp\/v2\/pages\/832\/revisions"}],"predecessor-version":[{"id":3542,"href":"https:\/\/www.toprentnals.it\/it\/wp-json\/wp\/v2\/pages\/832\/revisions\/3542"}],"wp:attachment":[{"href":"https:\/\/www.toprentnals.it\/it\/wp-json\/wp\/v2\/media?parent=832"}],"curies":[{"name":"wp","href":"https:\/\/api.w.org\/{rel}","templated":true}]}}