{"id":847,"date":"2021-02-03T12:08:20","date_gmt":"2021-02-03T12:08:20","guid":{"rendered":"https:\/\/www.toprentnals.it\/cookie-policy\/"},"modified":"2021-02-03T12:08:20","modified_gmt":"2021-02-03T12:08:20","slug":"cookie-policy","status":"publish","type":"page","link":"https:\/\/www.toprentnals.it\/it\/cookie-policy\/","title":{"rendered":"Cookie Policy"},"content":{"rendered":"<p>[et_pb_section fb_built=&#8221;1&#8243; custom_padding_last_edited=&#8221;on|tablet&#8221; admin_label=&#8221;Hero&#8221; _builder_version=&#8221;4.8.0&#8243; use_background_color_gradient=&#8221;on&#8221; background_color_gradient_start=&#8221;rgba(27,31,37,0)&#8221; background_color_gradient_end=&#8221;#1b1f25&#8243; background_color_gradient_overlays_image=&#8221;on&#8221; background_image=&#8221;https:\/\/www.toprentnals.it\/wp-content\/uploads\/2021\/01\/California-Coast.jpeg&#8221; background_position=&#8221;bottom_center&#8221; custom_margin=&#8221;0px|||&#8221; custom_padding=&#8221;0px|10%|0px|10%|true|true&#8221; custom_padding_tablet=&#8221;|30px||30px||true&#8221; custom_padding_phone=&#8221;|||||true&#8221; background_last_edited=&#8221;on|phone&#8221; background_size_phone=&#8221;initial&#8221; locked=&#8221;off&#8221;][et_pb_row column_structure=&#8221;2_3,1_3&#8243; padding_top_bottom_link_1=&#8221;true&#8221; padding_left_right_link_1=&#8221;true&#8221; _builder_version=&#8221;4.8.0&#8243; background_size=&#8221;initial&#8221; background_position=&#8221;top_left&#8221; width=&#8221;100%&#8221; max_width=&#8221;100%&#8221; custom_margin=&#8221;|||&#8221; custom_padding=&#8221;0||0px||false|false&#8221; hover_enabled=&#8221;0&#8243; use_custom_width=&#8221;on&#8221; width_unit=&#8221;off&#8221; custom_width_percent=&#8221;100%&#8221; sticky_enabled=&#8221;0&#8243;][et_pb_column type=&#8221;2_3&#8243; _builder_version=&#8221;4.8.0&#8243; use_background_color_gradient=&#8221;on&#8221; background_color_gradient_start=&#8221;rgba(0,0,0,0.12)&#8221; background_color_gradient_end=&#8221;rgba(255,255,255,0)&#8221; custom_padding=&#8221;12vw|40px|12vw|40px&#8221; custom_padding_tablet=&#8221;|||&#8221; custom_padding_phone=&#8221;|10px||10px||true&#8221; custom_padding_last_edited=&#8221;on|desktop&#8221; hover_enabled=&#8221;0&#8243; padding_phone=&#8221;|10px||10px||true&#8221; padding_tablet=&#8221;|||&#8221; padding_last_edited=&#8221;on|desktop&#8221; custom_padding__hover=&#8221;|||&#8221; sticky_enabled=&#8221;0&#8243;][et_pb_text _builder_version=&#8221;4.8.0&#8243; text_font=&#8221;Lato||||||||&#8221; text_font_size=&#8221;20px&#8221; text_line_height=&#8221;1.8em&#8221; header_font=&#8221;Teko|500||on|||||&#8221; header_font_size=&#8221;9vw&#8221; header_letter_spacing=&#8221;0.05em&#8221; header_line_height=&#8221;0.9em&#8221; background_layout=&#8221;dark&#8221; custom_margin=&#8221;|-10vw|0px|&#8221; custom_margin_tablet=&#8221;|0vw||&#8221; custom_margin_phone=&#8221;|-5vw||&#8221; custom_margin_last_edited=&#8221;on|tablet&#8221; animation_style=&#8221;zoom&#8221; animation_delay=&#8221;100ms&#8221; animation_intensity_zoom=&#8221;10%&#8221; hover_enabled=&#8221;0&#8243; header_font_size_tablet=&#8221;&#8221; header_font_size_phone=&#8221;&#8221; header_font_size_last_edited=&#8221;on|desktop&#8221; header_line_height_tablet=&#8221;&#8221; header_line_height_phone=&#8221;1.2em&#8221; header_line_height_last_edited=&#8221;on|phone&#8221; header_text_shadow_style=&#8221;preset1&#8243; header_text_shadow_vertical_length=&#8221;0.18em&#8221; header_text_shadow_blur_strength=&#8221;0.27em&#8221; header_text_shadow_color=&#8221;rgba(0,0,0,0.38)&#8221; sticky_enabled=&#8221;0&#8243;]<\/p>\n<h1>Cookie Policy<\/h1>\n<p>[\/et_pb_text][et_pb_text _builder_version=&#8221;4.8.0&#8243; text_font=&#8221;Lato||||||||&#8221; text_font_size=&#8221;20px&#8221; text_line_height=&#8221;1.8em&#8221; header_font=&#8221;||||||||&#8221; background_layout=&#8221;dark&#8221; custom_margin=&#8221;|-10vw||10vw&#8221; custom_margin_tablet=&#8221;|0vw||0px&#8221; custom_margin_phone=&#8221;&#8221; custom_margin_last_edited=&#8221;on|desktop&#8221; animation_style=&#8221;slide&#8221; animation_direction=&#8221;left&#8221; animation_intensity_slide=&#8221;10%&#8221; locked=&#8221;off&#8221;]<\/p>\n<p>&nbsp;<\/p>\n<p>&nbsp;<\/p>\n<p>&nbsp;<\/p>\n<p>&nbsp;<\/p>\n<p>&nbsp;<\/p>\n<p>[\/et_pb_text][\/et_pb_column][et_pb_column type=&#8221;1_3&#8243; _builder_version=&#8221;3.25&#8243; custom_padding=&#8221;|||&#8221; custom_padding__hover=&#8221;|||&#8221;][\/et_pb_column][\/et_pb_row][\/et_pb_section][et_pb_section fb_built=&#8221;1&#8243; admin_label=&#8221;About Us&#8221; _builder_version=&#8221;3.22&#8243; custom_padding=&#8221;120px|0px||0px|false|false&#8221;][et_pb_row _builder_version=&#8221;3.25&#8243; max_width=&#8221;960px&#8221; module_alignment=&#8221;center&#8221; use_custom_width=&#8221;on&#8221; custom_width_px=&#8221;960px&#8221; locked=&#8221;off&#8221;][et_pb_column type=&#8221;4_4&#8243; _builder_version=&#8221;3.25&#8243; custom_padding=&#8221;|||&#8221; custom_padding__hover=&#8221;|||&#8221;][et_pb_text admin_label=&#8221;Title&#8221; _builder_version=&#8221;4.8.0&#8243; text_font=&#8221;Lato||||||||&#8221; text_font_size=&#8221;20px&#8221; text_line_height=&#8221;1.8em&#8221; header_font=&#8221;||||||||&#8221; header_2_font=&#8221;Teko||||||||&#8221; header_2_font_size=&#8221;85px&#8221; text_orientation=&#8221;center&#8221; max_width=&#8221;750px&#8221; max_width_tablet=&#8221;&#8221; max_width_phone=&#8221;&#8221; max_width_last_edited=&#8221;on|desktop&#8221; module_alignment=&#8221;center&#8221; custom_margin=&#8221;|||&#8221; header_2_font_size_tablet=&#8221;65px&#8221; header_2_font_size_phone=&#8221;36px&#8221; header_2_font_size_last_edited=&#8221;on|phone&#8221;]<\/p>\n<h2>Cookie Policy<\/h2>\n<h3><strong>Cosa sono i cookie?<\/strong><\/h3>\n<p>I cookie sono piccoli file di testo che vengono salvati sul tuo computer quando visiti determinati siti internet.<\/p>\n<p>Per il sito web e relativi sotto-domini utilizziamo cookie, chiedendone il consenso all\u2019utente ove la legge o i regolamenti applicabili lo prevedano, per agevolare la navigazione e personalizzare le informazioni rivolte all\u2019utente. Utilizziamo inoltre sistemi simili per raccogliere informazioni sugli utenti, quali ad esempio indirizzo IP, tipo di browser e sistema operativo utilizzato e\/o pagine web visitate da un utente, per finalit\u00e0 statistiche o di sicurezza.<br \/>Ti informiamo che se deciderai di disabilitare o rifiutare i cookie alcune parti del sito e relativi sotto-domini potrebbero essere inaccessibili o non funzionare correttamente.<br \/>Pertanto per un utilizzo agevolato e completo di questo sito sarebbe opportuno che l\u2019utente configurasse il proprio browser in modo che accetti la ricezione di tali cookie<br \/>I cookie non sono dannosi per il tuo computer, tablet o smartphone. Nei cookie generati dal sito web, non vengono conservate dati identificative personali ma solo informazioni criptate.<\/p>\n<p><em>\u00a0<\/em><\/p>\n<h3><strong>Tipologie di cookie<\/strong><\/h3>\n<p>Il sito web e relativi sotto-domini utilizzano i seguenti cookie:<\/p>\n<p><em>\u00a0<\/em><\/p>\n<h3><strong>Cookie tecnici<\/strong><\/h3>\n<p>Questi cookie sono fondamentali per permetterti di navigare sul sito ed utilizzare le sue funzionalit\u00e0. Senza cookie \u00e8 possibile che alcune funzionalit\u00e0 non siano accessibili o non funzionino correttamente.<br \/>I cookie strettamente necessari sono utilizzati per memorizzare un identificatore al fine di individuare l\u2019utente in modo unico rispetto ad altri utenti, in modo da fornire all\u2019utente un servizio coerente e preciso.<\/p>\n<p>&nbsp;<\/p>\n<h3><strong>Performance cookie<\/strong><\/h3>\n<p>Questi cookie possono essere nostri o di partner, di sessione o persistenti. Il loro utilizzo \u00e8 limitato alla performance e al miglioramento del sito. Questi cookie non raccolgono informazioni che possono identificare l\u2019utente. Tutte le informazioni raccolte da questi cookie sono aggregate in forma anonima e sono utilizzate solo per migliorare la funzionalit\u00e0 del sito.<\/p>\n<p>&nbsp;<\/p>\n<h3><strong>Cookie funzionali<\/strong><\/h3>\n<p>I cookie solitamente sono conseguenti ad un\u2019azione dell\u2019utente, ma possono essere anche implementati nella fornitura di un servizio, non esplicitamente richiesto, ma offerto all\u2019utente. Possono essere inoltre utilizzati per evitare di offrire nuovamente ad uno specifico utente un servizio gi\u00e0 proposto. Inoltre, questi cookie permettono al sito di tenere traccia delle scelte dell\u2019utente. Le informazioni raccolte da questi cookie sono anonime e non possono ricondurre il comportamento dell\u2019utente su altri siti.<\/p>\n<p><em>\u00a0<\/em><\/p>\n<h3><strong>Cookie di terze parti per marketing<\/strong><\/h3>\n<p>Questi cookie sono utilizzati da partner del sito web, al fine di proporre nostri messaggi pubblicitari quando visiti altri siti, mostrando ad esempio gli ultimi prodotti che hai visualizzato sul sito. Questi cookie possono essere utilizzati anche per mostrare prodotti che potrebbero interessarti o simili a quelli che hai visualizzato precedentemente. L\u2019uso di questi cookie non implica il trattamento di dati personali, ma pu\u00f2 consentire la connessione al browser installato sul tuo computer o su altri dispositivi utilizzati durante la navigazione.<\/p>\n<p><em>\u00a0<\/em><\/p>\n<h3><strong>Elenco dei Cookie<\/strong><\/h3>\n<p>Elenco di tutti i cookie utilizzati sul sito:<\/p>\n<ul>\n<li><strong>wp-settings-1*, WordPress<\/strong><\/li>\n<li><strong>wp-settings-time-1*, WordPress<\/strong><\/li>\n<li><strong>_ga, allgemeines Cookie von Google Analytics<\/strong><\/li>\n<li><strong>_gat, Google Analytics<\/strong><\/li>\n<li><strong>_gid, Google Analytics<\/strong><\/li>\n<li><strong>_gat_gtag_ UA-186271637-1, Google Analytics<\/strong><\/li>\n<\/ul>\n<p>&nbsp;<\/p>\n<h3><strong>Come disabilitare i cookie<\/strong><\/h3>\n<p>Le norme sulla protezione dei dati personali prevedono che l\u2019utente possa disabilitare cookie gi\u00e0 somministrati (\u201copt-out\u201d). L\u2019opt-out \u00e8 previsto per i cd. \u201ccookie tecnici\u201d (art.122 del Codice della Privacy),nonch\u00e9 per i cookie che non rientrino tra i \u201ccookie tecnici\u201d precedentemente accettati (\u201copt in\u201d) dall\u2019utente.<\/p>\n<p><strong>\u00a0<\/strong><\/p>\n<h3><strong>Come disabilitare i cookie nei vari browser<\/strong><\/h3>\n<p><strong>\u00a0<\/strong><\/p>\n<p><strong>Internet Explorer<\/strong><br \/>Per informazioni dettagliate, si prega di visitare il sito:<br \/><a href=\"https:\/\/support.microsoft.com\/it-it\/products\/windows?os=windows-10\">https:\/\/support.microsoft.com\/it-it\/products\/windows?os=windows-10<\/a><\/p>\n<p><strong>\u00a0<\/strong><\/p>\n<p><strong>Firefox<\/strong><\/p>\n<p>Per informazioni dettagliate, si prega di visitare il sito:<br \/><a href=\"https:\/\/support.mozilla.org\/it\/kb\/Bloccare%20i%20cookie\">https:\/\/support.mozilla.org\/it\/kb\/Bloccare%20i%20cookie<\/a><\/p>\n<p><strong>\u00a0<\/strong><\/p>\n<p><strong>Safari<\/strong><br \/>Per informazioni dettagliate, si prega di visitare il sito:<br \/><a href=\"https:\/\/support.apple.com\/kb\/PH5042?locale=en_US\">https:\/\/support.apple.com\/kb\/PH5042?locale=en_US<\/a><\/p>\n<p><strong>\u00a0<\/strong><\/p>\n<p><strong>Google Chrome<\/strong><\/p>\n<p>Per informazioni dettagliate, si prega di visitare il sito:<br \/><a href=\"https:\/\/support.google.com\/chrome\/answer\/95647?hl=it\">https:\/\/support.google.com\/chrome\/answer\/95647?hl=it<\/a><\/p>\n<p>&nbsp;<\/p>\n<p>In forza di tale distinzione, l\u2019utente potr\u00e0 procedere alla disabilitazione e\/o cancellazione dei cookie (\u201copt-out\u201d) mediante le relative impostazioni del proprio browser e alla disabilitazione e\/o cancellazione dei singoli cookie non \u201ctecnici\u201d somministrati dalle terze parti accedendo al sito web gestito da European Interactive Digital Advertising Alliance (EDAA) all\u2019indirizzo\u00a0<a href=\"http:\/\/www.youronlinechoices.eu\/\">www.youronlinechoices.eu<\/a>.<\/p>\n<p>&nbsp;<\/p>\n<h3><strong>Informazioni generali su Google Analytics<\/strong><\/h3>\n<p>Teniamo a precisare che i cookie di profilazione utilizzati non memorizzano alcun dato personale e nessun profilo di utilizzo viene unito ai suoi dati personali. Nessuna persona pu\u00f2 essere identificata attraverso il cookie di profilazione, ma vengono memorizzate solo informazioni che permettono di utilizzare informazioni anonime per la compilazione mirata di campagne di marketing basate sugli interessi.<\/p>\n<p>Se vuoi evitare che vengano impostati cookie di profilazione, bloccali direttamente tramite le impostazioni del browser!<\/p>\n<p>Utilizzando il presente sito web, voi acconsentite al trattamento dei vostri dati da parte di Google e\/o di altri servizi di analisi web nelle modalit\u00e0 e per gli scopi sopra indicati.<\/p>\n<p>Webtracking &#8211; Google Analytics<\/p>\n<p>Al fine di migliorare e ottimizzare costantemente la nostra offerta, utilizziamo le cosiddette tecnologie di tracciamento. Questo sito web utilizza Google Analytics, un servizio di analisi web fornito da Google, Inc. (&#8220;Google&#8221;). Google Analytics utilizza dei cookies che permettono un&#8217;analisi dell&#8217;utilizzo del sito web da parte dell&#8217;utente, allo scopo di determinare l&#8217;attrattiva dei nostri siti web e migliorarne il rendimento e il contenuto. Le informazioni generate dal cookie sull&#8217;utilizzo del sito web da parte vostra (compreso il vostro indirizzo IP) saranno trasmesse a un server di Google negli Stati Uniti e ivi memorizzate. Su incarico dell&#8217;operatore di questo sito web, Google utilizzer\u00e0 queste informazioni per valutare il vostro utilizzo del sito web, compilare report sulle attivit\u00e0 del sito web e fornire altri servizi relativi alle attivit\u00e0 del sito web e all&#8217;utilizzo di Internet all&#8217;operatore del sito web. Google pu\u00f2 anche trasferire queste informazioni a terzi ove ci\u00f2 sia imposto dalla legge o laddove tali terzi trattino le informazioni per conto di Google e\/o per conto di altri fornitori di servizi di analisi web. In nessun caso il suo indirizzo IP sar\u00e0 associato ad altri dati di Google e\/o di altri fornitori di servizi di analisi web.<\/p>\n<p>Puoi rifiutare l&#8217;uso dei cookie selezionando le impostazioni appropriate sul tuo browser, tuttavia tieni presente che se lo fai potresti non essere in grado di utilizzare tutte le funzionalit\u00e0 di questo sito web. Potete anche impedire la raccolta dei dati generati dal cookie e relativi al vostro utilizzo del sito web (compreso il vostro indirizzo IP) da parte di Google e l&#8217;elaborazione di questi dati da parte di Google scaricando e installando il plugin del browser disponibile su tools.google.com\/dlpage\/gaoptout.<\/p>\n<p>Le informazioni su Google Analytics e sulla protezione dei dati si trovano su http:\/\/www.google.com\/intl\/de\/analytics\/learn\/privacy.html\u00a0<\/p>\n<p>[\/et_pb_text][\/et_pb_column][\/et_pb_row][\/et_pb_section]<\/p>\n","protected":false},"excerpt":{"rendered":"<p>Cookie Policy&nbsp; &nbsp; &nbsp; &nbsp; &nbsp;Cookie Policy Cosa sono i cookie? I cookie sono piccoli file di testo che vengono salvati sul tuo computer quando visiti determinati siti internet. Per il sito web e relativi sotto-domini utilizziamo cookie, chiedendone il consenso all\u2019utente ove la legge o i regolamenti applicabili lo prevedano, per agevolare la navigazione [&hellip;]<\/p>\n","protected":false},"author":1,"featured_media":0,"parent":0,"menu_order":0,"comment_status":"closed","ping_status":"open","template":"","meta":{"_et_pb_use_builder":"on","_et_pb_old_content":"","_et_gb_content_width":"","footnotes":""},"class_list":["post-847","page","type-page","status-publish","hentry"],"aioseo_notices":[],"jetpack_sharing_enabled":true,"_links":{"self":[{"href":"https:\/\/www.toprentnals.it\/it\/wp-json\/wp\/v2\/pages\/847","targetHints":{"allow":["GET"]}}],"collection":[{"href":"https:\/\/www.toprentnals.it\/it\/wp-json\/wp\/v2\/pages"}],"about":[{"href":"https:\/\/www.toprentnals.it\/it\/wp-json\/wp\/v2\/types\/page"}],"author":[{"embeddable":true,"href":"https:\/\/www.toprentnals.it\/it\/wp-json\/wp\/v2\/users\/1"}],"replies":[{"embeddable":true,"href":"https:\/\/www.toprentnals.it\/it\/wp-json\/wp\/v2\/comments?post=847"}],"version-history":[{"count":0,"href":"https:\/\/www.toprentnals.it\/it\/wp-json\/wp\/v2\/pages\/847\/revisions"}],"wp:attachment":[{"href":"https:\/\/www.toprentnals.it\/it\/wp-json\/wp\/v2\/media?parent=847"}],"curies":[{"name":"wp","href":"https:\/\/api.w.org\/{rel}","templated":true}]}}