{"id":850,"date":"2021-01-09T18:25:24","date_gmt":"2021-01-09T18:25:24","guid":{"rendered":"https:\/\/www.toprentnals.it\/colofone\/"},"modified":"2021-03-18T09:37:54","modified_gmt":"2021-03-18T08:37:54","slug":"colofone","status":"publish","type":"page","link":"https:\/\/www.toprentnals.it\/it\/colofone\/","title":{"rendered":"Colofone"},"content":{"rendered":"<p>[et_pb_section fb_built=&#8221;1&#8243; custom_padding_last_edited=&#8221;on|tablet&#8221; admin_label=&#8221;Hero&#8221; _builder_version=&#8221;3.22&#8243; use_background_color_gradient=&#8221;on&#8221; background_color_gradient_start=&#8221;rgba(27,31,37,0)&#8221; background_color_gradient_end=&#8221;#1b1f25&#8243; background_color_gradient_overlays_image=&#8221;on&#8221; background_image=&#8221;https:\/\/www.toprentnals.it\/wp-content\/uploads\/2021\/01\/California-Coast.jpeg&#8221; background_position=&#8221;bottom_center&#8221; custom_margin=&#8221;0px|||&#8221; custom_padding=&#8221;0px|10%|0px|10%|true|true&#8221; custom_padding_tablet=&#8221;|30px||30px||true&#8221; custom_padding_phone=&#8221;|||||true&#8221; background_last_edited=&#8221;on|phone&#8221; background_size_phone=&#8221;initial&#8221; locked=&#8221;off&#8221;][et_pb_row column_structure=&#8221;2_3,1_3&#8243; padding_top_bottom_link_1=&#8221;true&#8221; padding_left_right_link_1=&#8221;true&#8221; _builder_version=&#8221;3.25&#8243; background_size=&#8221;initial&#8221; background_position=&#8221;top_left&#8221; width=&#8221;100%&#8221; max_width=&#8221;100%&#8221; custom_margin=&#8221;|||&#8221; custom_padding=&#8221;0||0px||false|false&#8221; use_custom_width=&#8221;on&#8221; width_unit=&#8221;off&#8221; custom_width_percent=&#8221;100%&#8221;][et_pb_column type=&#8221;2_3&#8243; _builder_version=&#8221;3.25&#8243; use_background_color_gradient=&#8221;on&#8221; background_color_gradient_start=&#8221;rgba(0,0,0,0.12)&#8221; background_color_gradient_end=&#8221;rgba(255,255,255,0)&#8221; custom_padding=&#8221;12vw|40px|12vw|40px&#8221; custom_padding_tablet=&#8221;|||&#8221; custom_padding_phone=&#8221;|10px||10px||true&#8221; custom_padding_last_edited=&#8221;on|desktop&#8221; padding_phone=&#8221;|10px||10px||true&#8221; padding_tablet=&#8221;|||&#8221; padding_last_edited=&#8221;on|desktop&#8221; custom_padding__hover=&#8221;|||&#8221;][et_pb_text _builder_version=&#8221;4.7.7&#8243; text_font=&#8221;Lato||||||||&#8221; text_font_size=&#8221;20px&#8221; text_line_height=&#8221;1.8em&#8221; header_font=&#8221;Teko|500||on|||||&#8221; header_font_size=&#8221;9vw&#8221; header_letter_spacing=&#8221;0.05em&#8221; header_line_height=&#8221;0.9em&#8221; background_layout=&#8221;dark&#8221; custom_margin=&#8221;|-10vw|0px|&#8221; custom_margin_tablet=&#8221;|0vw||&#8221; custom_margin_phone=&#8221;|-5vw||&#8221; custom_margin_last_edited=&#8221;on|tablet&#8221; animation_style=&#8221;zoom&#8221; animation_delay=&#8221;100ms&#8221; animation_intensity_zoom=&#8221;10%&#8221; header_font_size_tablet=&#8221;&#8221; header_font_size_phone=&#8221;&#8221; header_font_size_last_edited=&#8221;on|phone&#8221; header_line_height_tablet=&#8221;&#8221; header_line_height_phone=&#8221;1.2em&#8221; header_line_height_last_edited=&#8221;on|phone&#8221; header_text_shadow_style=&#8221;preset1&#8243; header_text_shadow_vertical_length=&#8221;0.18em&#8221; header_text_shadow_blur_strength=&#8221;0.27em&#8221; header_text_shadow_color=&#8221;rgba(0,0,0,0.38)&#8221;]<\/p>\n<h1>Colofone<\/h1>\n<p>[\/et_pb_text][et_pb_text _builder_version=&#8221;4.8.0&#8243; text_font=&#8221;Lato||||||||&#8221; text_font_size=&#8221;20px&#8221; text_line_height=&#8221;1.8em&#8221; header_font=&#8221;||||||||&#8221; background_layout=&#8221;dark&#8221; custom_margin=&#8221;|-10vw||10vw&#8221; custom_margin_tablet=&#8221;|0vw||0px&#8221; custom_margin_phone=&#8221;&#8221; custom_margin_last_edited=&#8221;on|desktop&#8221; animation_style=&#8221;slide&#8221; animation_direction=&#8221;left&#8221; animation_intensity_slide=&#8221;10%&#8221; locked=&#8221;off&#8221;]&nbsp;<\/p>\n<p>&nbsp;<\/p>\n<p>&nbsp;<\/p>\n<p>&nbsp;<\/p>\n<p>&nbsp;[\/et_pb_text][\/et_pb_column][et_pb_column type=&#8221;1_3&#8243; _builder_version=&#8221;3.25&#8243; custom_padding=&#8221;|||&#8221; custom_padding__hover=&#8221;|||&#8221;][\/et_pb_column][\/et_pb_row][\/et_pb_section][et_pb_section fb_built=&#8221;1&#8243; admin_label=&#8221;About Us&#8221; _builder_version=&#8221;3.22&#8243; custom_padding=&#8221;120px|0px||0px|false|false&#8221;][et_pb_row _builder_version=&#8221;3.25&#8243; max_width=&#8221;960px&#8221; module_alignment=&#8221;center&#8221; use_custom_width=&#8221;on&#8221; custom_width_px=&#8221;960px&#8221; locked=&#8221;off&#8221;][et_pb_column type=&#8221;4_4&#8243; _builder_version=&#8221;3.25&#8243; custom_padding=&#8221;|||&#8221; custom_padding__hover=&#8221;|||&#8221;][et_pb_text admin_label=&#8221;Title&#8221; _builder_version=&#8221;4.8.2&#8243; text_font=&#8221;Lato||||||||&#8221; text_font_size=&#8221;20px&#8221; text_line_height=&#8221;1.8em&#8221; header_font=&#8221;||||||||&#8221; header_2_font=&#8221;Teko||||||||&#8221; header_2_font_size=&#8221;52px&#8221; text_orientation=&#8221;center&#8221; max_width=&#8221;750px&#8221; max_width_tablet=&#8221;&#8221; max_width_phone=&#8221;&#8221; max_width_last_edited=&#8221;on|desktop&#8221; module_alignment=&#8221;center&#8221; custom_margin=&#8221;|||&#8221; hover_enabled=&#8221;0&#8243; text_font_size_tablet=&#8221;18px&#8221; text_font_size_phone=&#8221;16px&#8221; text_font_size_last_edited=&#8221;on|desktop&#8221; header_2_font_size_tablet=&#8221;42px&#8221; header_2_font_size_phone=&#8221;32px&#8221; header_2_font_size_last_edited=&#8221;on|phone&#8221; sticky_enabled=&#8221;0&#8243;]<\/p>\n<h2>Committente e responsabile per i contenuti<\/h2>\n<p>&nbsp;<\/p>\n<h3><strong>TopService Nals SRL<\/strong><\/h3>\n<p>Via Dogana 7<br \/>\n39010 Nalles<br \/>\nProvincia di Bolzano<br \/>\nS\u00fcdtirol \u2013 Italien<\/p>\n<p><strong>PEC Email<\/strong>\u00a0topservicegmbh@legalmail.it<br \/>\n<strong>Email<\/strong>\u00a0info@topservice-nals.com<br \/>\n<strong>Sito web<\/strong>\u00a0www.topservice-nals.com<\/p>\n<p><strong>Tel.<\/strong>\u00a0+39 0471 67 81 88<br \/>\n<strong>Fax<\/strong>\u00a0+39 0471 67 81 27<br \/>\n<strong>P.IVA.<\/strong>\u00a002953130214<br \/>\n<strong>Cod.Fisc.\u00a0e n. iscr. al Registro Imprese<\/strong> 02953130214<\/p>\n<p><strong>Numero REA\u00a0<\/strong>BZ-219441<\/p>\n<p><strong>Forma giuridica<\/strong>\u00a0societa&#8217; a responsabilita&#8217; limitata<\/p>\n<p><strong>Capitale sociale<\/strong>\u00a0per un importo di 12.750 euro pagato per intero[\/et_pb_text][\/et_pb_column][\/et_pb_row][\/et_pb_section][et_pb_section fb_built=&#8221;1&#8243; custom_padding_last_edited=&#8221;on|phone&#8221; prev_background_color=&#8221;#ffffff&#8221; next_background_color=&#8221;#ffffff&#8221; admin_label=&#8221;Our History&#8221; _builder_version=&#8221;4.8.0&#8243; use_background_color_gradient=&#8221;on&#8221; background_color_gradient_start=&#8221;rgba(27,31,37,0.3)&#8221; background_color_gradient_end=&#8221;#1b1f25&#8243; background_color_gradient_overlays_image=&#8221;on&#8221; background_image=&#8221;https:\/\/www.toprentnals.it\/wp-content\/uploads\/2021\/01\/5-fb.jpg&#8221; parallax=&#8221;on&#8221; parallax_method=&#8221;off&#8221; custom_margin=&#8221;||1px|||&#8221; custom_padding=&#8221;70px||320px||false|false&#8221; custom_padding_tablet=&#8221;|||&#8221; custom_padding_phone=&#8221;100px|||&#8221; top_divider_style=&#8221;arrow&#8221; top_divider_height_tablet=&#8221;&#8221; top_divider_height_phone=&#8221;50px&#8221; top_divider_height_last_edited=&#8221;on|phone&#8221; bottom_divider_style=&#8221;arrow&#8221; link_option_url=&#8221;https:\/\/kurismedia.com&#8221; box_shadow_style=&#8221;preset7&#8243; box_shadow_horizontal=&#8221;0px&#8221; box_shadow_vertical=&#8221;-150px&#8221; box_shadow_color=&#8221;#ffffff&#8221; locked=&#8221;off&#8221;][et_pb_row _builder_version=&#8221;4.7.7&#8243; background_color=&#8221;rgba(247,247,247,0)&#8221; module_alignment=&#8221;center&#8221; custom_margin=&#8221;0px|||&#8221; custom_padding=&#8221;60px|0px|0|0px|false|false&#8221; locked=&#8221;off&#8221;][et_pb_column type=&#8221;4_4&#8243; _builder_version=&#8221;3.25&#8243; custom_padding=&#8221;|||&#8221; custom_padding__hover=&#8221;|||&#8221;][et_pb_text admin_label=&#8221;Title&#8221; _builder_version=&#8221;4.8.0&#8243; text_font=&#8221;Lato||||||||&#8221; text_font_size=&#8221;20px&#8221; text_line_height=&#8221;1.8em&#8221; header_font=&#8221;||||||||&#8221; header_2_font=&#8221;Teko||||||||&#8221; header_2_text_color=&#8221;#bd631e&#8221; header_2_font_size=&#8221;52px&#8221; text_orientation=&#8221;center&#8221; max_width=&#8221;700px&#8221; module_alignment=&#8221;center&#8221; custom_margin=&#8221;||0px|&#8221; link_option_url=&#8221;https:\/\/kurismedia.com&#8221; header_2_font_size_tablet=&#8221;42px&#8221; header_2_font_size_phone=&#8221;32px&#8221; header_2_font_size_last_edited=&#8221;on|phone&#8221;]<\/p>\n<h2>Concezione, design e programmazione<\/h2>\n<p>[\/et_pb_text][\/et_pb_column][\/et_pb_row][et_pb_row column_structure=&#8221;1_2,1_2&#8243; custom_padding_last_edited=&#8221;off|desktop&#8221; _builder_version=&#8221;4.7.7&#8243; background_color=&#8221;rgba(247,247,247,0)&#8221; module_alignment=&#8221;center&#8221; custom_margin=&#8221;0px|||&#8221; custom_padding=&#8221;|5%|85px|5%||true&#8221; use_custom_width=&#8221;on&#8221; locked=&#8221;off&#8221;][et_pb_column type=&#8221;1_2&#8243; _builder_version=&#8221;3.25&#8243; custom_padding=&#8221;|||&#8221; custom_padding__hover=&#8221;|||&#8221;][\/et_pb_column][et_pb_column type=&#8221;1_2&#8243; _builder_version=&#8221;3.25&#8243; custom_padding=&#8221;|||&#8221; custom_padding__hover=&#8221;|||&#8221;][\/et_pb_column][\/et_pb_row][\/et_pb_section][et_pb_section fb_built=&#8221;1&#8243; admin_label=&#8221;About Us&#8221; _builder_version=&#8221;4.8.0&#8243; custom_padding=&#8221;50px|0px||0px|false|false&#8221;][et_pb_row _builder_version=&#8221;3.25&#8243; max_width=&#8221;960px&#8221; module_alignment=&#8221;center&#8221; use_custom_width=&#8221;on&#8221; custom_width_px=&#8221;960px&#8221; locked=&#8221;off&#8221;][et_pb_column type=&#8221;4_4&#8243; _builder_version=&#8221;3.25&#8243; custom_padding=&#8221;|||&#8221; custom_padding__hover=&#8221;|||&#8221;][et_pb_toggle title=&#8221;Contenuto&#8221; open=&#8221;on&#8221; open_toggle_text_color=&#8221;#2e76b3&#8243; _builder_version=&#8221;4.8.0&#8243; _module_preset=&#8221;default&#8221; title_level=&#8221;h2&#8243;]I contenuti e le informazioni presenti su questo sito Web sono stati da noi accuratamente controllati. Ci\u00f2 nonostante non ci assumiamo alcuna responsabilit\u00e0 n\u00e9 forniamo garanzie circa la loro esattezza e completezza. Ci riserviamo il diritto di aggiornare, modificare o integrare senza preavviso le informazioni messe a disposizione.[\/et_pb_toggle][et_pb_toggle title=&#8221;Rimandi e link&#8221; open_toggle_text_color=&#8221;#2e76b3&#8243; _builder_version=&#8221;4.8.0&#8243; _module_preset=&#8221;default&#8221; title_level=&#8221;h2&#8243;]Non ci assumiamo alcuna responsabilit\u00e0 per i contenuti dei link esterni. La responsabilit\u00e0 per il contenuto delle pagine visitabili tramite i link \u00e8 esclusivamente dei gestori delle pagine.[\/et_pb_toggle][et_pb_toggle title=&#8221;Copyright (diritto d&#8217;autore e dei segni distintivi)&#8221; open_toggle_text_color=&#8221;#2e76b3&#8243; _builder_version=&#8221;4.8.0&#8243; _module_preset=&#8221;default&#8221; title_level=&#8221;h2&#8243;]Il contenuto di questo sito Web \u00e8 protetto da copyright e non pu\u00f2 essere riprodotto o utilizzato in altre pubblicazioni stampate o elettroniche senza la nostra espressa autorizzazione.[\/et_pb_toggle][et_pb_toggle title=&#8221;SSL- codifica&#8221; open_toggle_text_color=&#8221;#2e76b3&#8243; _builder_version=&#8221;4.8.0&#8243; _module_preset=&#8221;default&#8221; title_level=&#8221;h2&#8243;]Questo sito utilizza la crittografia SSL per motivi di sicurezza e per la protezione della trasmissione di contenuti riservati, come le richieste inviate a noi come operatore del sito. Una connessione crittografata indica che la linea di indirizzo del browser cambia da \u201chttp\u201d a \u201chttps\u201d e dall\u2019icona di blocco nella linea del browser.<br \/>\nSe la crittografia SSL \u00e8 attivata, i dati che ci trasferiscono non possono essere letti da terzi.[\/et_pb_toggle][et_pb_toggle title=&#8221;Validit\u00e0 giuridica&#8221; open_toggle_text_color=&#8221;#2e76b3&#8243; _builder_version=&#8221;4.8.0&#8243; _module_preset=&#8221;default&#8221; title_level=&#8221;h2&#8243;]Qualora parti o singole formulazioni del presente testo non corrispondano, non corrispondano pi\u00f9 o non corrispondano integralmente alla vigente situazione giuridica, restano comunque immutati il contenuto e la validit\u00e0 delle altre parti del documento. Dall\u2019uso del sito Web non deriva alcun diritto n\u00e9 alcun contratto. Le controversie giuridiche sono risolte presso il Tribunale per noi competente.[\/et_pb_toggle][et_pb_toggle title=&#8221;Google Analytics&#8221; open_toggle_text_color=&#8221;#2e76b3&#8243; _builder_version=&#8221;4.8.0&#8243; _module_preset=&#8221;default&#8221; title_level=&#8221;h2&#8243;]Questo sito web utilizza Google Analytics, un servizio di analisi web fornito da Google, Inc. (&#8220;Google&#8221;).[\/et_pb_toggle][et_pb_toggle title=&#8221;Google Maps&#8221; open_toggle_text_color=&#8221;#2e76b3&#8243; _builder_version=&#8221;4.8.0&#8243; _module_preset=&#8221;default&#8221; title_level=&#8221;h2&#8243;]Integriamo le mappe del servizio \u201cGoogle Maps\u201d del fornitore Google LLC, 1600 Amphitheatre Parkway, Mountain View, CA 94043, USA. Tra i dati trattati possono rientrare in particolare gli indirizzi IP e i dati di posizione degli utenti, questi tuttavia non vengono acquisiti senza il loro consenso (di norma nell\u2019ambito delle impostazioni dei loro apparecchi mobili). I dati possono essere trattati negli USA.<\/p>\n<p>Informativa sulla privacy:\u00a0<a href=\"https:\/\/www.google.com\/policies\/privacy\/\">https:\/\/www.google.com\/policies\/privacy\/<\/a>, Opt-Out:\u00a0<a href=\"https:\/\/adssettings.google.com\/authenticated\">https:\/\/adssettings.google.com\/authenticated<\/a>[\/et_pb_toggle][et_pb_toggle title=&#8221;Google Fonts&#8221; open_toggle_text_color=&#8221;#2e76b3&#8243; _builder_version=&#8221;4.8.0&#8243; _module_preset=&#8221;default&#8221; title_level=&#8221;h2&#8243;]Integriamo i font (\u201cGoogle Fonts\u201d) del provider Google LLC, 1600 Amphitheatre Parkway, Mountain View, CA 94043, USA. Informativa sulla privacy:\u00a0<a href=\"https:\/\/www.google.com\/policies\/privacy\/\">https:\/\/www.google.com\/policies\/privacy\/<\/a>, Opt-Out:\u00a0<a href=\"https:\/\/adssettings.google.com\/authenticated\">https:\/\/adssettings.google.com\/authenticated<\/a>[\/et_pb_toggle][et_pb_toggle title=&#8221;Video, musica &amp; immagini&#8221; open_toggle_text_color=&#8221;#2e76b3&#8243; _builder_version=&#8221;4.8.0&#8243; _module_preset=&#8221;default&#8221; title_level=&#8221;h2&#8243;]\u00a9\u00a0TopService Nals, TopRent Nals, e vari clienti che ci forniscono le loro foto delle loro vacanze.[\/et_pb_toggle][et_pb_toggle title=&#8221;Risoluzione delle controversie online (ODR)&#8221; open_toggle_text_color=&#8221;#2e76b3&#8243; _builder_version=&#8221;4.8.0&#8243; _module_preset=&#8221;default&#8221; title_level=&#8221;h2&#8243;]Informazione obbligatoria ai sensi del Regolamento UE n. 524\/2016 del Parlamento europeo e del Consiglio Piattaforma per la risoluzione delle controversie online dei consumatori (ODR) della Commissione europea:\u00a0<a href=\"https:\/\/www.ec.europa.eu\/consumers\/odr\">https:\/\/www.ec.europa.eu\/consumers\/odr<\/a>[\/et_pb_toggle][\/et_pb_column][\/et_pb_row][\/et_pb_section]<\/p>\n","protected":false},"excerpt":{"rendered":"<p>Colofone&nbsp; &nbsp; &nbsp; &nbsp; &nbsp;Committente e responsabile per i contenuti &nbsp; TopService Nals SRL Via Dogana 7 39010 Nalles Provincia di Bolzano S\u00fcdtirol \u2013 Italien PEC Email\u00a0topservicegmbh@legalmail.it Email\u00a0info@topservice-nals.com Sito web\u00a0www.topservice-nals.com Tel.\u00a0+39 0471 67 81 88 Fax\u00a0+39 0471 67 81 27 P.IVA.\u00a002953130214 Cod.Fisc.\u00a0e n. iscr. al Registro Imprese 02953130214 Numero REA\u00a0BZ-219441 Forma giuridica\u00a0societa&#8217; a responsabilita&#8217; limitata [&hellip;]<\/p>\n","protected":false},"author":1,"featured_media":0,"parent":0,"menu_order":0,"comment_status":"closed","ping_status":"closed","template":"","meta":{"_et_pb_use_builder":"on","_et_pb_old_content":"","_et_gb_content_width":"","footnotes":""},"class_list":["post-850","page","type-page","status-publish","hentry"],"aioseo_notices":[],"jetpack_sharing_enabled":true,"_links":{"self":[{"href":"https:\/\/www.toprentnals.it\/it\/wp-json\/wp\/v2\/pages\/850","targetHints":{"allow":["GET"]}}],"collection":[{"href":"https:\/\/www.toprentnals.it\/it\/wp-json\/wp\/v2\/pages"}],"about":[{"href":"https:\/\/www.toprentnals.it\/it\/wp-json\/wp\/v2\/types\/page"}],"author":[{"embeddable":true,"href":"https:\/\/www.toprentnals.it\/it\/wp-json\/wp\/v2\/users\/1"}],"replies":[{"embeddable":true,"href":"https:\/\/www.toprentnals.it\/it\/wp-json\/wp\/v2\/comments?post=850"}],"version-history":[{"count":0,"href":"https:\/\/www.toprentnals.it\/it\/wp-json\/wp\/v2\/pages\/850\/revisions"}],"wp:attachment":[{"href":"https:\/\/www.toprentnals.it\/it\/wp-json\/wp\/v2\/media?parent=850"}],"curies":[{"name":"wp","href":"https:\/\/api.w.org\/{rel}","templated":true}]}}