{"id":1361,"date":"2021-04-06T12:43:23","date_gmt":"2021-04-06T11:43:23","guid":{"rendered":"https:\/\/www.toprentnals.it\/vermietung\/porsche-911-cabrio-sc\/"},"modified":"2021-10-07T14:28:46","modified_gmt":"2021-10-07T13:28:46","slug":"porsche-911-cabrio-sc","status":"publish","type":"product","link":"https:\/\/www.toprentnals.it\/it\/produkt\/porsche-911-cabrio-sc\/","title":{"rendered":"Porsche 911 Cabrio SC"},"content":{"rendered":"<p>Porsche 911 Cabrio SC<\/p>\n<p>Anno di fabbricazione: 1983<\/p>\n<p>Lunghezza: 4,54m \/ Altezza: 1,30m \/ Larghezza: 1,90m<\/p>\n<p>KM x giorno: 100<br \/>\nOgni KM in pi\u00f9: 3,90\u20ac<\/p>\n<p>Consegna nella zona dell&#8217;Alto Adige a partire da 100,00\u20ac.<br \/>\nFranchigia per i danni: 3.000,00\u20ac<\/p>\n<p><strong>Ritiro dal luned\u00ec al venerd\u00ec entro le 08.30 &#8211; 17.00UHR<\/strong><\/p>\n<p><strong>Ritorno dal luned\u00ec alla domenica in qualsiasi momento tra le 00.00 e le 24.00<\/strong><\/p>\n","protected":false},"excerpt":{"rendered":"<p>Porsche 911 Cabrio SC Anno di fabbricazione: 1983 Lunghezza: 4,54m \/ Altezza: 1,30m \/ Larghezza: 1,90m KM x giorno: 100 Ogni KM in pi\u00f9: 3,90\u20ac Consegna nella zona dell&#8217;Alto Adige a partire da 100,00\u20ac. Franchigia per i danni: 3.000,00\u20ac Ritiro dal luned\u00ec al venerd\u00ec entro le 08.30 &#8211; 17.00UHR Ritorno dal luned\u00ec alla domenica in [&hellip;]<\/p>\n","protected":false},"featured_media":1650,"comment_status":"closed","ping_status":"closed","template":"","meta":{"_et_pb_use_builder":"","_et_pb_old_content":"","_et_gb_content_width":""},"product_brand":[],"product_cat":[336,338],"product_tag":[],"class_list":{"0":"post-1361","1":"product","2":"type-product","3":"status-publish","4":"has-post-thumbnail","6":"product_cat-auto-sportive","7":"product_cat-oldtimer-it","9":"first","10":"instock","11":"shipping-taxable","12":"purchasable","13":"product-type-redq_rental"},"aioseo_notices":[],"jetpack_sharing_enabled":true,"_links":{"self":[{"href":"https:\/\/www.toprentnals.it\/it\/wp-json\/wp\/v2\/product\/1361","targetHints":{"allow":["GET"]}}],"collection":[{"href":"https:\/\/www.toprentnals.it\/it\/wp-json\/wp\/v2\/product"}],"about":[{"href":"https:\/\/www.toprentnals.it\/it\/wp-json\/wp\/v2\/types\/product"}],"replies":[{"embeddable":true,"href":"https:\/\/www.toprentnals.it\/it\/wp-json\/wp\/v2\/comments?post=1361"}],"wp:featuredmedia":[{"embeddable":true,"href":"https:\/\/www.toprentnals.it\/it\/wp-json\/wp\/v2\/media\/1650"}],"wp:attachment":[{"href":"https:\/\/www.toprentnals.it\/it\/wp-json\/wp\/v2\/media?parent=1361"}],"wp:term":[{"taxonomy":"product_brand","embeddable":true,"href":"https:\/\/www.toprentnals.it\/it\/wp-json\/wp\/v2\/product_brand?post=1361"},{"taxonomy":"product_cat","embeddable":true,"href":"https:\/\/www.toprentnals.it\/it\/wp-json\/wp\/v2\/product_cat?post=1361"},{"taxonomy":"product_tag","embeddable":true,"href":"https:\/\/www.toprentnals.it\/it\/wp-json\/wp\/v2\/product_tag?post=1361"}],"curies":[{"name":"wp","href":"https:\/\/api.w.org\/{rel}","templated":true}]}}