{"id":2774,"date":"2022-07-20T07:09:10","date_gmt":"2022-07-20T06:09:10","guid":{"rendered":"https:\/\/www.toprentnals.it\/?post_type=product&#038;p=2774"},"modified":"2024-12-30T10:56:04","modified_gmt":"2024-12-30T09:56:04","slug":"vw-t6-california-coast-kopie-2","status":"publish","type":"product","link":"https:\/\/www.toprentnals.it\/it\/produkt\/vw-t6-california-coast-kopie-2\/","title":{"rendered":"VW T6 California Coast"},"content":{"rendered":"<p>VW T6.1 California Coast Edition<\/p>\n<p>Anno di fabbricazione: 2021<\/p>\n<p>Lunghezza: 4,90m \/ Altezza: 1,99m \/ Larghezza: 2,30m<\/p>\n<p>KM x giorno: 150<br \/>\nOgni KM in pi\u00f9: 0,20\u20ac<\/p>\n<p>Consegna nella zona dell&#8217;Alto Adige da 50,00\u20ac<br \/>\nFranchigia per i danni: 2.000,00\u20ac<\/p>\n<p><strong>Ritiro dal luned\u00ec al venerd\u00ec entro le 08.30 &#8211; 17.00UHR<\/strong><\/p>\n<p><strong>Ritorno dal luned\u00ec alla domenica in qualsiasi momento tra le 00.00 e le 24.00<\/strong><\/p>\n","protected":false},"excerpt":{"rendered":"<p>VW T6.1 California Coast Edition Anno di fabbricazione: 2021 Lunghezza: 4,90m \/ Altezza: 1,99m \/ Larghezza: 2,30m KM x giorno: 150 Ogni KM in pi\u00f9: 0,20\u20ac Consegna nella zona dell&#8217;Alto Adige da 50,00\u20ac Franchigia per i danni: 2.000,00\u20ac Ritiro dal luned\u00ec al venerd\u00ec entro le 08.30 &#8211; 17.00UHR Ritorno dal luned\u00ec alla domenica in qualsiasi [&hellip;]<\/p>\n","protected":false},"featured_media":2796,"comment_status":"closed","ping_status":"closed","template":"","meta":{"_et_pb_use_builder":"","_et_pb_old_content":"","_et_gb_content_width":""},"product_brand":[],"product_cat":[127],"product_tag":[],"class_list":{"0":"post-2774","1":"product","2":"type-product","3":"status-publish","4":"has-post-thumbnail","6":"product_cat-vw-california","8":"first","9":"instock","10":"shipping-taxable","11":"purchasable","12":"product-type-redq_rental"},"aioseo_notices":[],"jetpack_sharing_enabled":true,"_links":{"self":[{"href":"https:\/\/www.toprentnals.it\/it\/wp-json\/wp\/v2\/product\/2774","targetHints":{"allow":["GET"]}}],"collection":[{"href":"https:\/\/www.toprentnals.it\/it\/wp-json\/wp\/v2\/product"}],"about":[{"href":"https:\/\/www.toprentnals.it\/it\/wp-json\/wp\/v2\/types\/product"}],"replies":[{"embeddable":true,"href":"https:\/\/www.toprentnals.it\/it\/wp-json\/wp\/v2\/comments?post=2774"}],"wp:featuredmedia":[{"embeddable":true,"href":"https:\/\/www.toprentnals.it\/it\/wp-json\/wp\/v2\/media\/2796"}],"wp:attachment":[{"href":"https:\/\/www.toprentnals.it\/it\/wp-json\/wp\/v2\/media?parent=2774"}],"wp:term":[{"taxonomy":"product_brand","embeddable":true,"href":"https:\/\/www.toprentnals.it\/it\/wp-json\/wp\/v2\/product_brand?post=2774"},{"taxonomy":"product_cat","embeddable":true,"href":"https:\/\/www.toprentnals.it\/it\/wp-json\/wp\/v2\/product_cat?post=2774"},{"taxonomy":"product_tag","embeddable":true,"href":"https:\/\/www.toprentnals.it\/it\/wp-json\/wp\/v2\/product_tag?post=2774"}],"curies":[{"name":"wp","href":"https:\/\/api.w.org\/{rel}","templated":true}]}}