{"id":3474,"date":"2023-07-04T10:49:55","date_gmt":"2023-07-04T09:49:55","guid":{"rendered":"https:\/\/www.toprentnals.it\/?post_type=product&#038;p=3474"},"modified":"2024-12-30T10:57:04","modified_gmt":"2024-12-30T09:57:04","slug":"caravelle-senza-gancio-di-traino-kopie","status":"publish","type":"product","link":"https:\/\/www.toprentnals.it\/it\/produkt\/caravelle-senza-gancio-di-traino-kopie\/","title":{"rendered":"Fiat 500"},"content":{"rendered":"<p>Fiat 500<\/p>\n<p>Anno di fabbricazione: dal 2020<\/p>\n<p>KM x giorno: 150<\/p>\n<p>Ogni KM in pi\u00f9: 0,20\u20ac<\/p>\n<p>Consegna nella zona dell&#8217;Alto Adige da 50,00\u20ac<\/p>\n<p>Franchigia per i danni: 2.000,00\u20ac<\/p>\n<p><strong>Ritiro dal luned\u00ec al venerd\u00ec entro le 08.30 &#8211; 17.00UHR<\/strong><\/p>\n<p><strong>Ritorno dal luned\u00ec alla domenica in qualsiasi momento tra le 00.00 e le 24.00<\/strong><\/p>\n","protected":false},"excerpt":{"rendered":"<p>Fiat 500 Anno di fabbricazione: dal 2020 KM x giorno: 150 Ogni KM in pi\u00f9: 0,20\u20ac Consegna nella zona dell&#8217;Alto Adige da 50,00\u20ac Franchigia per i danni: 2.000,00\u20ac Ritiro dal luned\u00ec al venerd\u00ec entro le 08.30 &#8211; 17.00UHR Ritorno dal luned\u00ec alla domenica in qualsiasi momento tra le 00.00 e le 24.00<\/p>\n","protected":false},"featured_media":3462,"comment_status":"closed","ping_status":"closed","template":"","meta":{"_et_pb_use_builder":"","_et_pb_old_content":"","_et_gb_content_width":""},"product_brand":[],"product_cat":[337],"product_tag":[],"class_list":{"0":"post-3474","1":"product","2":"type-product","3":"status-publish","4":"has-post-thumbnail","6":"product_cat-auto","8":"first","9":"instock","10":"shipping-taxable","11":"purchasable","12":"product-type-redq_rental"},"aioseo_notices":[],"jetpack_sharing_enabled":true,"_links":{"self":[{"href":"https:\/\/www.toprentnals.it\/it\/wp-json\/wp\/v2\/product\/3474","targetHints":{"allow":["GET"]}}],"collection":[{"href":"https:\/\/www.toprentnals.it\/it\/wp-json\/wp\/v2\/product"}],"about":[{"href":"https:\/\/www.toprentnals.it\/it\/wp-json\/wp\/v2\/types\/product"}],"replies":[{"embeddable":true,"href":"https:\/\/www.toprentnals.it\/it\/wp-json\/wp\/v2\/comments?post=3474"}],"wp:featuredmedia":[{"embeddable":true,"href":"https:\/\/www.toprentnals.it\/it\/wp-json\/wp\/v2\/media\/3462"}],"wp:attachment":[{"href":"https:\/\/www.toprentnals.it\/it\/wp-json\/wp\/v2\/media?parent=3474"}],"wp:term":[{"taxonomy":"product_brand","embeddable":true,"href":"https:\/\/www.toprentnals.it\/it\/wp-json\/wp\/v2\/product_brand?post=3474"},{"taxonomy":"product_cat","embeddable":true,"href":"https:\/\/www.toprentnals.it\/it\/wp-json\/wp\/v2\/product_cat?post=3474"},{"taxonomy":"product_tag","embeddable":true,"href":"https:\/\/www.toprentnals.it\/it\/wp-json\/wp\/v2\/product_tag?post=3474"}],"curies":[{"name":"wp","href":"https:\/\/api.w.org\/{rel}","templated":true}]}}